{"id":545,"date":"2025-02-12T16:29:52","date_gmt":"2025-02-12T16:29:52","guid":{"rendered":"https:\/\/www.sportingclubpartanna.com\/?page_id=545"},"modified":"2025-05-27T14:57:24","modified_gmt":"2025-05-27T14:57:24","slug":"31a-coppa-citta-di-partanna","status":"publish","type":"page","link":"https:\/\/www.sportingclubpartanna.com\/index.php\/31a-coppa-citta-di-partanna\/","title":{"rendered":"31a Coppa Citt\u00e0 di Partanna"},"content":{"rendered":"\n<p>Si disputer\u00e0 il prossimo 25 maggio la 31esima edizione dello slalom pi\u00f9 antico di Sicilia: la Coppa Citt\u00e0 di Partanna, con il coefficiente 1,25 per il campionato siciliano slalom, sar\u00e0 anche valido per il Trofeo Nazionale Slalom Sud. Si correr\u00e0 sull&#8217;ormai collaudato tracciato della SP 26 Partanna-Befarella-Salaparuta. <\/p>\n\n\n\n<p>I documenti riguardanti la gara:<\/p>\n\n\n\n<p><a href=\"http:\/\/www.sportingclubpartanna.com\/wp-content\/uploads\/2025\/02\/modello_prevenzione_abusi_e_codice_condotta_15-10-24.pdf\" target=\"_blank\" rel=\"noreferrer noopener\">Modello Safeguarding<\/a><\/p>\n\n\n\n<p><a href=\"http:\/\/www.sportingclubpartanna.com\/wp-content\/uploads\/2025\/05\/31-RPG.pdf\">RPG approvato<\/a> <\/p>\n\n\n\n<p>Il pagamento di 140,00\u20ac si potr\u00e0 fare eseguendo il bonifico intestato a: A.S.D.SPORTING CLUB PARTANNA &#8211; Causale: Iscrizione Slalom 31^ COPPA CITTA&#8217; DI PARTANNA &#8211; IBAN: IT98P0894681910000000102149<\/p>\n\n\n\n<p><a href=\"http:\/\/www.sportingclubpartanna.com\/wp-content\/uploads\/2025\/05\/allegato1-contratto-assicurazione.pdf\">Allegato1 &#8211; Contratto di Assicurazione<\/a> Si sottolinea che la franchigia di 1500\u20ac, in caso di danni, verr\u00e0 corrisposta dall&#8217;Organizzatore e non si proceder\u00e0 a nessuna azione di rivalsa nei confronti dei piloti.<\/p>\n\n\n\n<p><a href=\"http:\/\/www.sportingclubpartanna.com\/wp-content\/uploads\/2025\/05\/elenco-iscritti-31.pdf\">ELENCO ISCRITTI<\/a><\/p>\n\n\n\n<p><a href=\"http:\/\/www.sportingclubpartanna.com\/wp-content\/uploads\/2025\/05\/2025034_0001100001P1_000_001_01_Elenco-Concorrenti.pdf\">Elenco Concorrenti Moderne<\/a><\/p>\n\n\n\n<p><a href=\"http:\/\/www.sportingclubpartanna.com\/wp-content\/uploads\/2025\/05\/2025034_0001100002P1_000_001_01_Elenco-Concorrenti.pdf\">Elenco Concorrenti Autostoriche<\/a> <\/p>\n\n\n\n<p><a href=\"http:\/\/www.sportingclubpartanna.com\/wp-content\/uploads\/2025\/05\/Verificati-Moderne.pdf\">Elenco Verificati &#8211; Moderne<\/a><\/p>\n\n\n\n<p><a href=\"http:\/\/www.sportingclubpartanna.com\/wp-content\/uploads\/2025\/05\/Verificati-Storiche.pdf\">Elenco Verificati &#8211; Storiche<\/a><\/p>\n\n\n\n<p><a href=\"http:\/\/www.sportingclubpartanna.com\/wp-content\/uploads\/2025\/05\/Ordine-di-Partenza-Ricognizione-1.pdf\">Ordine di Partenza &#8211; Ricognizione <\/a><\/p>\n\n\n\n<p><a href=\"http:\/\/www.sportingclubpartanna.com\/wp-content\/uploads\/2025\/05\/Ordine-partenza-1-manche.pdf\">Ordine di Partenza &#8211; 1 manche<\/a><\/p>\n\n\n\n<p><a href=\"https:\/\/slalom.ficr.it\/#\/SLA\/programma\/31%C2%AA%20COPPA%20CITTA'%20DI%20PARTANNA\/2025\/34\/11\/1\">TEMPI LIVE<\/a><\/p>\n\n\n\n<p><a href=\"http:\/\/www.sportingclubpartanna.com\/wp-content\/uploads\/2025\/05\/Tempi-ricognizione-1.pdf\">Tempi Ricognizione<\/a><\/p>\n\n\n\n<p><a href=\"http:\/\/www.sportingclubpartanna.com\/wp-content\/uploads\/2025\/05\/Classifica-1-manche.pdf\">Classifica 1^ manche<\/a><\/p>\n\n\n\n<p><a href=\"http:\/\/www.sportingclubpartanna.com\/wp-content\/uploads\/2025\/05\/Classifica-2manche.pdf\">Classifica 2^ manche<\/a><\/p>\n\n\n\n<p><a href=\"http:\/\/www.sportingclubpartanna.com\/wp-content\/uploads\/2025\/05\/2025034_0001100002G3_008_009_01_Classifica-Assolut_250525_161345.pdf\">Classifica Assoluta &#8211; storiche<\/a><\/p>\n\n\n\n<p><a href=\"http:\/\/www.sportingclubpartanna.com\/wp-content\/uploads\/2025\/05\/2025034_0001100001G3_008_009_01_Classifica-Assolut_250525_161306.pdf\">Classifica Assoluta &#8211; moderne<\/a><\/p>\n\n\n\n<p><strong>Dichiarazioni di conformit\u00e0 dispositivi di Sicurezza<\/strong><\/p>\n\n\n\n<p><a href=\"http:\/\/www.sportingclubpartanna.com\/wp-content\/uploads\/2025\/05\/31-cameracar.pdf\">Richiesta montaggio CameraCar<\/a><\/p>\n\n\n\n<p><a href=\"http:\/\/www.sportingclubpartanna.com\/wp-content\/uploads\/2023\/07\/29-CERTIFICAZIONE-TECNICA-ANNUALE-CTA-1-da-presentare-una-sola-volta-e-vale-fino-al-31-dicembre.pdf\">Certificazione Tecnica Annuale<\/a><\/p>\n\n\n\n<p><a href=\"http:\/\/www.sportingclubpartanna.com\/wp-content\/uploads\/2025\/05\/Dichiarazione-UNDER-23.pdf\" target=\"_blank\" rel=\"noreferrer noopener\">Dichiarazione Under23<\/a><\/p>\n\n\n\n<p><a href=\"http:\/\/www.sportingclubpartanna.com\/wp-content\/uploads\/2023\/07\/29-Dichiarazione-conformita-abbigliamento-di-sicurezza.pdf\">Abbigliamento<\/a><\/p>\n\n\n\n<p><a href=\"http:\/\/www.sportingclubpartanna.com\/wp-content\/uploads\/2023\/07\/29-Dichiarazione-conform.-disp.-di-sicurezza-Autostoriche.pdf\">Autostoriche<\/a>&nbsp;&#8211;&nbsp;&nbsp;<a href=\"http:\/\/www.sportingclubpartanna.com\/wp-content\/uploads\/2023\/07\/29-Dichiarazione-conf.-disp.-di-sicur.-dalle-Bicil.-alle-E1ITA.pdf\">dalle Bicilindriche alla E1 ITA<\/a>&nbsp;&nbsp;&#8211;&nbsp;&nbsp;<a href=\"http:\/\/www.sportingclubpartanna.com\/wp-content\/uploads\/2023\/07\/29-Dichiarazione-confor.-disp.-di-sic.-E2SC-CN.pdf\">E2SC CN<\/a><\/p>\n\n\n\n<p><a href=\"http:\/\/www.sportingclubpartanna.com\/wp-content\/uploads\/2025\/05\/Conoscenza-del-percorso.pdf\">Dichiarazione di conoscenza del percorso<\/a><\/p>\n\n\n\n<p><a href=\"http:\/\/www.sportingclubpartanna.com\/wp-content\/uploads\/2025\/05\/Dich-x-terzi-passaporto.pdf\">Dichiarazione richiesta passaporto da parte di terzi<\/a><\/p>\n\n\n\n<p>COMUNICATI e CIRCOLARI<\/p>\n\n\n\n<p><a href=\"http:\/\/www.sportingclubpartanna.com\/wp-content\/uploads\/2025\/05\/Comunicato-n.-1-Doc.-3.3-Addetto-ai-Concorrenti-.pdf\">Comunicato n.1<\/a><\/p>\n\n\n\n<p><a href=\"http:\/\/www.sportingclubpartanna.com\/wp-content\/uploads\/2025\/05\/Comunicazione-n.-2.pdf\">Comunicazione n.2<\/a><\/p>\n\n\n\n<p><a href=\"http:\/\/www.sportingclubpartanna.com\/wp-content\/uploads\/2025\/05\/Decisione-n.-1-Slalom.pdf\">Decisione n.1 Slalom<\/a><\/p>\n\n\n\n<p><\/p>\n\n\n\n<p><a href=\"http:\/\/www.sportingclubpartanna.com\/wp-content\/uploads\/2025\/05\/Circolare-Informativa-n.-1.pdf\">Circolare informativa n.1<\/a><\/p>\n\n\n\n<p><a href=\"http:\/\/www.sportingclubpartanna.com\/wp-content\/uploads\/2025\/05\/Presenza-Commissari-Sportivi.pdf\">Presenza Commissari<\/a><\/p>\n\n\n\n<p>RASSEGNA STAMPA<\/p>\n\n\n\n<p><a href=\"https:\/\/www.primapaginapartanna.it\/aperte-le-iscrizioni-per-la-31esima-coppa-citta-di-partanna\">PrimaPaginaPartanna: Aperte le iscrizioni per la 31esima Coppa Citt\u00e0 di Partanna<\/a><\/p>\n\n\n\n<p><a href=\"https:\/\/www.primapaginapartanna.it\/slalom-poche-ora-alla-chiusura-delle-iscrizioni\">PrimaPaginaPartanna: Slalom: poche ora alla chiusura delle iscrizioni<\/a><\/p>\n\n\n\n<p><a href=\"https:\/\/www.primapaginapartanna.it\/oltre-40-piloti-iscritti-alla-31-coppa-citta-di-partanna\">PrimaPaginaPartanna: Oltre 40 piloti iscritti alla 31^ Coppa Citt\u00e0 di Partanna<\/a><\/p>\n\n\n\n<p><a href=\"https:\/\/www.facebook.com\/story.php?story_fbid=691839830469011&amp;id=100089290005701&amp;post_id=100089290005701_691839830469011&amp;rdid=GkRuX7jHhP2bPFte#\">RacingLife.it &#8211; TROFEO ITALIANO SLALOM: QUASI 50 AL VIA A&#8230; | Facebook<\/a><\/p>\n\n\n\n<p><a href=\"https:\/\/www.primapaginapartanna.it\/ingardia-torna-a-vincere-a-partanna\">PrimaPaginaPartanna: Ingardia torna a vincere a Partanna<\/a><\/p>\n\n\n\n<p><a href=\"https:\/\/www.acisport.it\/it\/acisport\/news\/notizie\/93169\/girolamo-ingardia-domina-a-partanna\">AciSport: Girolamo Ingardia domina a Partanna<\/a><\/p>\n\n\n\n<p><a href=\"https:\/\/www.autoslalom.it\/girolamo-ingardia-domina-la-31a-coppa-citta-di-partanna\/\">Autoslalom.it<\/a><\/p>\n\n\n\n<p><a href=\"https:\/\/www.siciliamotori.it\/2025\/05\/25\/slalom-di-partanna-i-risultati\/\">SiciliaMotori.it<\/a><\/p>\n\n\n\n<p><a href=\"https:\/\/www.iltornante.it\/girolamo-ingardia-domina-la-31-coppa-citta-di-partanna\/\">Il Tornante<\/a><\/p>\n\n\n\n<p><a href=\"https:\/\/sportwebsicilia.it\/2025\/05\/23\/conto-alla-rovescia-per-il-31-slalom-citta-di-partanna\/\">SportWebSicilia<\/a><\/p>\n\n\n\n<p><a href=\"https:\/\/www.messinasportiva.it\/la-nebrosport-al-via-della-31a-coppa-citta-di-partanna-con-luca-radici\/\">MessinaSportiva<\/a><\/p>\n\n\n\n<p><a href=\"https:\/\/www.sevenpress.com\/challenge-degli-emiri-riaccende-i-motori-domenica-a-partanna-tp\/2025\/05\/23\/516273\/\">SevenPress<\/a><\/p>\n","protected":false},"excerpt":{"rendered":"<p>Si disputer\u00e0 il prossimo 25 maggio la 31esima edizione dello slalom pi\u00f9 antico di Sicilia: la Coppa Citt\u00e0 di Partanna, con il coefficiente 1,25 per il campionato siciliano slalom, sar\u00e0 anche valido per il Trofeo Nazionale Slalom Sud. Si correr\u00e0 sull&#8217;ormai collaudato tracciato della SP 26 Partanna-Befarella-Salaparuta. I documenti riguardanti la gara: Modello Safeguarding RPG [&hellip;]<\/p>\n","protected":false},"author":1,"featured_media":0,"parent":0,"menu_order":0,"comment_status":"closed","ping_status":"closed","template":"","meta":{"footnotes":""},"_links":{"self":[{"href":"https:\/\/www.sportingclubpartanna.com\/index.php\/wp-json\/wp\/v2\/pages\/545"}],"collection":[{"href":"https:\/\/www.sportingclubpartanna.com\/index.php\/wp-json\/wp\/v2\/pages"}],"about":[{"href":"https:\/\/www.sportingclubpartanna.com\/index.php\/wp-json\/wp\/v2\/types\/page"}],"author":[{"embeddable":true,"href":"https:\/\/www.sportingclubpartanna.com\/index.php\/wp-json\/wp\/v2\/users\/1"}],"replies":[{"embeddable":true,"href":"https:\/\/www.sportingclubpartanna.com\/index.php\/wp-json\/wp\/v2\/comments?post=545"}],"version-history":[{"count":53,"href":"https:\/\/www.sportingclubpartanna.com\/index.php\/wp-json\/wp\/v2\/pages\/545\/revisions"}],"predecessor-version":[{"id":637,"href":"https:\/\/www.sportingclubpartanna.com\/index.php\/wp-json\/wp\/v2\/pages\/545\/revisions\/637"}],"wp:attachment":[{"href":"https:\/\/www.sportingclubpartanna.com\/index.php\/wp-json\/wp\/v2\/media?parent=545"}],"curies":[{"name":"wp","href":"https:\/\/api.w.org\/{rel}","templated":true}]}}