{"id":638,"date":"2026-05-07T07:05:51","date_gmt":"2026-05-07T07:05:51","guid":{"rendered":"https:\/\/www.sportingclubpartanna.com\/?page_id=638"},"modified":"2026-05-07T07:39:26","modified_gmt":"2026-05-07T07:39:26","slug":"32a-coppa-citta-di-partanna","status":"publish","type":"page","link":"https:\/\/www.sportingclubpartanna.com\/index.php\/32a-coppa-citta-di-partanna\/","title":{"rendered":"32a Coppa Citt\u00e0 di Partanna"},"content":{"rendered":"\n<p>Si disputer\u00e0 il prossimo 24 maggio la 32esima edizione dello slalom pi\u00f9 antico di Sicilia: la Coppa Citt\u00e0 di Partanna, con il coefficiente 1,25 per il campionato siciliano slalom, sar\u00e0 anche valido per il Trofeo Nazionale Slalom Sud. Si correr\u00e0 sull&#8217;ormai collaudato tracciato della SP 26 Partanna-Befarella-Salaparuta.<\/p>\n\n\n\n<p>I documenti riguardanti la gara:<\/p>\n\n\n\n<p><a href=\"http:\/\/www.sportingclubpartanna.com\/wp-content\/uploads\/2026\/05\/32-coppa.pdf\">Locandina<\/a><\/p>\n\n\n\n<p><a href=\"http:\/\/www.sportingclubpartanna.com\/wp-content\/uploads\/2026\/05\/Percorso-2026-32web.pdf\">Percorso gara<\/a><\/p>\n\n\n\n<p><a href=\"http:\/\/www.sportingclubpartanna.com\/wp-content\/uploads\/2026\/05\/altimetria-32web.pdf\">Altimetria<\/a><\/p>\n\n\n\n<p><a href=\"http:\/\/www.sportingclubpartanna.com\/wp-content\/uploads\/2026\/05\/alternativo-32web-1.pdf\" target=\"_blank\" rel=\"noreferrer noopener\">Percorso Alternativo<\/a><\/p>\n\n\n\n<p><a href=\"http:\/\/www.sportingclubpartanna.com\/wp-content\/uploads\/2026\/05\/Ospitalita.pdf\">Ospitalit\u00e0<\/a><\/p>\n","protected":false},"excerpt":{"rendered":"<p>Si disputer\u00e0 il prossimo 24 maggio la 32esima edizione dello slalom pi\u00f9 antico di Sicilia: la Coppa Citt\u00e0 di Partanna, con il coefficiente 1,25 per il campionato siciliano slalom, sar\u00e0 anche valido per il Trofeo Nazionale Slalom Sud. Si correr\u00e0 sull&#8217;ormai collaudato tracciato della SP 26 Partanna-Befarella-Salaparuta. I documenti riguardanti la gara: Locandina Percorso gara [&hellip;]<\/p>\n","protected":false},"author":1,"featured_media":0,"parent":0,"menu_order":0,"comment_status":"closed","ping_status":"closed","template":"","meta":{"footnotes":""},"_links":{"self":[{"href":"https:\/\/www.sportingclubpartanna.com\/index.php\/wp-json\/wp\/v2\/pages\/638"}],"collection":[{"href":"https:\/\/www.sportingclubpartanna.com\/index.php\/wp-json\/wp\/v2\/pages"}],"about":[{"href":"https:\/\/www.sportingclubpartanna.com\/index.php\/wp-json\/wp\/v2\/types\/page"}],"author":[{"embeddable":true,"href":"https:\/\/www.sportingclubpartanna.com\/index.php\/wp-json\/wp\/v2\/users\/1"}],"replies":[{"embeddable":true,"href":"https:\/\/www.sportingclubpartanna.com\/index.php\/wp-json\/wp\/v2\/comments?post=638"}],"version-history":[{"count":6,"href":"https:\/\/www.sportingclubpartanna.com\/index.php\/wp-json\/wp\/v2\/pages\/638\/revisions"}],"predecessor-version":[{"id":651,"href":"https:\/\/www.sportingclubpartanna.com\/index.php\/wp-json\/wp\/v2\/pages\/638\/revisions\/651"}],"wp:attachment":[{"href":"https:\/\/www.sportingclubpartanna.com\/index.php\/wp-json\/wp\/v2\/media?parent=638"}],"curies":[{"name":"wp","href":"https:\/\/api.w.org\/{rel}","templated":true}]}}